{"id":12,"date":"2016-08-10T08:52:10","date_gmt":"2016-08-10T08:52:10","guid":{"rendered":"https:\/\/dev.maraactionaid.no\/?page_id=12"},"modified":"2026-03-04T15:26:23","modified_gmt":"2026-03-04T14:26:23","slug":"stott-vart-arbeid","status":"publish","type":"page","link":"https:\/\/maraactionaid.no\/en\/stott-vart-arbeid\/","title":{"rendered":"SUPPORT OUR WORK BY BECOMING A MONTHLY DONOR"},"content":{"rendered":"<p><div class=\"fusion-fullwidth fullwidth-box fusion-builder-row-1 fusion-flex-container hundred-percent-fullwidth non-hundred-percent-height-scrolling\" style=\"--awb-background-position:left top;--awb-border-sizes-top:0px;--awb-border-sizes-bottom:0px;--awb-border-sizes-left:0px;--awb-border-sizes-right:0px;--awb-border-radius-top-left:0px;--awb-border-radius-top-right:0px;--awb-border-radius-bottom-right:0px;--awb-border-radius-bottom-left:0px;--awb-padding-top:0px;--awb-padding-right:0px;--awb-padding-bottom:0px;--awb-padding-left:0px;--awb-flex-wrap:wrap;\" ><div class=\"fusion-builder-row fusion-row fusion-flex-align-items-stretch fusion-flex-content-wrap\" style=\"width:calc( 100% + 0px ) !important;max-width:calc( 100% + 0px ) !important;margin-left: calc(-0px \/ 2 );margin-right: calc(-0px \/ 2 );\"><div class=\"fusion-layout-column fusion_builder_column fusion-builder-column-0 fusion_builder_column_1_1 1_1 fusion-flex-column\" style=\"--awb-padding-top:100px;--awb-padding-right:10%;--awb-padding-bottom:100px;--awb-padding-left:10%;--awb-bg-color:var(--awb-color2);--awb-bg-color-hover:var(--awb-color2);--awb-bg-size:cover;--awb-width-large:100%;--awb-margin-top-large:0px;--awb-spacing-right-large:0px;--awb-margin-bottom-large:0px;--awb-spacing-left-large:0px;--awb-width-medium:100%;--awb-spacing-right-medium:0px;--awb-spacing-left-medium:0px;--awb-width-small:100%;--awb-spacing-right-small:0px;--awb-spacing-left-small:0px;\"><div class=\"fusion-column-wrapper fusion-flex-justify-content-center fusion-content-layout-column\"><div class=\"fusion-title title fusion-title-1 fusion-sep-none fusion-title-center fusion-title-text fusion-title-size-two fusion-animated\" style=\"--awb-text-color:#140a0e;--awb-margin-top:10px;--awb-margin-bottom:40px;--awb-margin-top-small:10px;--awb-margin-right-small:0px;--awb-margin-bottom-small:50px;--awb-margin-left-small:0px;--awb-sep-color:#d1d1d1;--awb-font-size:54px;\" data-animationType=\"fadeInLeft\" data-animationDuration=\"0.3\" data-animationOffset=\"top-into-view\"><h2 class=\"fusion-title-heading title-heading-center\" style=\"font-family:&quot;Gowun Batang&quot;;font-style:normal;font-weight:400;margin:0;text-transform:var(--awb-typography1-text-transform);font-size:1em;line-height:1.2;\">ST\u00d8TT V\u00c5RT ARBEID<\/h2><\/div><div class=\"fusion-text fusion-text-1\"><p>\u00d8nsker du \u00e5 bidra til at barn som lever i ekstrem fattigdom f\u00e5r en utdanning og \u00f8kt muligheter i livet kan du bli med som en viktig st\u00f8ttespiller her hos oss. Vi er en liten organisasjon som jobber frivillig for v\u00e5r hjertesak. Vi utdanner masai- barn og s\u00f8rger for at barna f\u00e5r en\u00a0hverdag preget av l\u00e6ring, lek og omsorg. Vi gir ogs\u00e5 mat og andre viktige ressurser til barna sine familier hver m\u00e5ned. Slik s\u00f8rger vi for at barna f\u00e5r dekket sine grunnlegende behov, opplever en sunn vekst og er i stand til \u00e5 prestere p\u00e5 skolen. Hver enkelt giver har stor betydning for oss som er en liten organisasjon. Dette gj\u00f8r at vi kan m\u00f8te behovene som er, bidra mer og etterhvert hjelpe flere barn og deres familie p\u00e5 samme m\u00e5te.<\/p>\n<p><strong>Skjemaet under er for Norske borgere. Har du et utenlandsk kort og \u00f8nsker \u00e5 betale i en annen valuta, g\u00e5 lengre ned p\u00e5 siden.<\/strong><\/p>\n<\/div><div class=\"fusion-text fusion-text-2\"><style id=\"wpforms-css-vars-1469\">\n\t\t\t\t#wpforms-1469 {\n\t\t\t\t\n\t\t\t}\n\t\t\t<\/style><div class=\"wpforms-container wpforms-container-full wpforms-stripe wpforms-render-modern\" id=\"wpforms-1469\"><form id=\"wpforms-form-1469\" class=\"wpforms-validate wpforms-form wpforms-ajax-form\" data-formid=\"1469\" method=\"post\" enctype=\"multipart\/form-data\" action=\"\/en\/wp-json\/wp\/v2\/pages\/12\" data-token=\"98a6acef9ebd61a7520635216b086705\" data-token-time=\"1776945901\"><noscript class=\"wpforms-error-noscript\">Please enable JavaScript in your browser to complete this form.<\/noscript><div id=\"wpforms-error-noscript\" style=\"display: none;\">Please enable JavaScript in your browser to complete this form.<\/div><div class=\"wpforms-field-container\"><div id=\"wpforms-1469-field_1-container\" class=\"wpforms-field wpforms-field-name\" data-field-id=\"1\"><label class=\"wpforms-field-label\" for=\"wpforms-1469-field_1\">Navn <span class=\"wpforms-required-label\" aria-hidden=\"true\">*<\/span><\/label><input type=\"text\" id=\"wpforms-1469-field_1\" class=\"wpforms-field-medium wpforms-field-required\" name=\"wpforms[fields][1]\" aria-errormessage=\"wpforms-1469-field_1-error\" required><\/div><div id=\"wpforms-1469-field_2-container\" class=\"wpforms-field wpforms-field-email\" data-field-id=\"2\"><label class=\"wpforms-field-label\" for=\"wpforms-1469-field_2\">E-post <span class=\"wpforms-required-label\" aria-hidden=\"true\">*<\/span><\/label><input type=\"email\" id=\"wpforms-1469-field_2\" class=\"wpforms-field-medium wpforms-field-required\" name=\"wpforms[fields][2]\" spellcheck=\"false\" aria-errormessage=\"wpforms-1469-field_2-error\" required><\/div><div id=\"wpforms-1469-field_3-container\" class=\"wpforms-field wpforms-field-payment-single\" data-field-id=\"3\"><label class=\"wpforms-field-label\" for=\"wpforms-1469-field_3\">Ditt m\u00e5nedlige bidrag<\/label><input type=\"text\" id=\"wpforms-1469-field_3\" class=\"wpforms-field-medium wpforms-payment-user-input wpforms-payment-price\" data-rule-currency=\"[&quot;$&quot;,false]\" name=\"wpforms[fields][3]\" aria-errormessage=\"wpforms-1469-field_3-error\"><\/div><div id=\"wpforms-1469-field_6-container\" class=\"wpforms-field wpforms-field-stripe-credit-card\" data-field-id=\"6\"><label class=\"wpforms-field-label\">Stripe Credit Card <span class=\"wpforms-required-label\" aria-hidden=\"true\">*<\/span><\/label><div class=\"wpforms-field-row wpforms-no-columns wpforms-field-medium \" data-sublabel-position=\"above\" data-link-email=\"\" data-required=\"1\"><div id=\"wpforms-field-stripe-link-element-1469\"><\/div><div id=\"wpforms-field-stripe-payment-element-1469\"><\/div><input type=\"text\" class=\"wpforms-stripe-credit-card-hidden-input\" name=\"wpforms[stripe-credit-card-hidden-input-1469]\" disabled style=\"display: none;\"><\/div><\/div><\/div><!-- .wpforms-field-container --><div class=\"wpforms-submit-container\" ><input type=\"hidden\" name=\"wpforms[id]\" value=\"1469\"><input type=\"hidden\" name=\"page_title\" value=\"\"><input type=\"hidden\" name=\"page_url\" value=\"https:\/\/maraactionaid.no\/en\/wp-json\/wp\/v2\/pages\/12\"><input type=\"hidden\" name=\"url_referer\" value=\"\"><button type=\"submit\" name=\"wpforms[submit]\" id=\"wpforms-submit-1469\" class=\"wpforms-submit\" data-alt-text=\"Vi behandler din informasjon, venligst vent...\" data-submit-text=\"Bli giver\" aria-live=\"assertive\" value=\"wpforms-submit\">Bli giver<\/button><img decoding=\"async\" src=\"data:image\/svg+xml,%3Csvg%20xmlns%3D%27http%3A%2F%2Fwww.w3.org%2F2000%2Fsvg%27%20width%3D%2726%27%20height%3D%2726%27%20viewBox%3D%270%200%2026%2026%27%3E%3Crect%20width%3D%2726%27%20height%3D%2726%27%20fill-opacity%3D%220%22%2F%3E%3C%2Fsvg%3E\" data-orig-src=\"https:\/\/maraactionaid.no\/wp-content\/plugins\/wpforms\/assets\/images\/submit-spin.svg\" class=\"lazyload wpforms-submit-spinner\" style=\"display: none;\" width=\"26\" height=\"26\" alt=\"Loading\"><\/div><\/form><\/div>  <!-- .wpforms-container -->\n<\/div><div class=\"fusion-title title fusion-title-2 fusion-sep-none fusion-title-center fusion-title-text fusion-title-size-two fusion-animated\" style=\"--awb-text-color:#140a0e;--awb-margin-top:10px;--awb-margin-bottom:40px;--awb-margin-top-small:10px;--awb-margin-right-small:0px;--awb-margin-bottom-small:50px;--awb-margin-left-small:0px;--awb-sep-color:#d1d1d1;--awb-font-size:54px;\" data-animationType=\"fadeInLeft\" data-animationDuration=\"0.3\" data-animationOffset=\"top-into-view\"><h2 class=\"fusion-title-heading title-heading-center\" style=\"font-family:&quot;Gowun Batang&quot;;font-style:normal;font-weight:400;margin:0;text-transform:var(--awb-typography1-text-transform);font-size:1em;line-height:1.2;\">Internasjonale donorer<\/h2><\/div><div class=\"fusion-text fusion-text-3\"><p>Vi er en liten frivillig organisasjon, registrert som NGO i Norge og Kenya. Vi tar i mot st\u00f8tte fra alle som \u00f8nsker \u00e5 engasjere seg og er bosatt i et annet land enn Norge. \u00d8nsker du \u00e5 bli med som m\u00e5nedlig giver og betale i US dollar, trykk p\u00e5 linken under.<\/p>\n<p>Du kan velge bel\u00f8pet helt selv og vi setter enormt stor pris p\u00e5 alle som \u00f8nsker \u00e5 bidra. For andre sp\u00f8rsm\u00e5l er det bare \u00e5 ta kontakt med oss via mail.<\/p>\n<\/div><div class=\"fusion-text fusion-text-4\" style=\"--awb-text-font-family:Arial, Helvetica, sans-serif;--awb-text-font-style:normal;--awb-text-font-weight:400;\"><div class=\"asp_product_buy_button\"><div class=\"asp-processing-cont\" style=\"display:none;\"><span class=\"asp-processing\">Processing <i>.<\/i><i>.<\/i><i>.<\/i><\/span><\/div><form id=\"asp_ng_form_169ea0aed185a3\" class=\"asp-stripe-form\" action=\"\"  method=\"POST\"> <input type=\"hidden\" name=\"asp_product_id\" value=\"2423\" \/><div class=\"asp-child-hidden-fields\" style=\"display: none !important;\"><\/div><\/form><div id=\"asp-all-buttons-container-169ea0aed185a3\" class=\"asp_all_buttons_container\"><div class=\"asp_product_buy_btn_container\"><button id=\"asp_ng_button_169ea0aed185a3\" type=\"submit\" class=\"stripe-button-el\" ><span>Monthly donation in US dollars<\/span><\/button><\/div><noscript>Stripe Payments requires Javascript to be supported by the browser in order to operate.<\/noscript><\/div><div id=\"asp-btn-spinner-container-169ea0aed185a3\" class=\"asp-btn-spinner-container\" style=\"display: none !important\"><div class=\"asp-btn-spinner\"><div><\/div><div><\/div><div><\/div><div><\/div><\/div><\/div><script>var asp_data_169ea0aed185a3 = {\"is_live\":true,\"product_id\":2423,\"iframe_url\":\"https:\\\/\\\/maraactionaid.no\\\/en\\\/asp-payment-box\\\/?product_id=2423\",\"button_key\":\"c030025446c0a1bc1bec17802fedbbf0\",\"item_price\":0,\"quantity\":1,\"custom_quantity\":\"\",\"description\":\"\",\"descrGenerated\":false,\"shipping\":0,\"tax\":0,\"image\":\"\",\"currency\":\"USD\",\"currency_variable\":\"\",\"locale\":\"en\",\"name\":\"Monthly donation\",\"url\":\"\",\"amount\":0,\"billingAddress\":false,\"shippingAddress\":false,\"customer_email\":\"\",\"uniq_id\":\"169ea0aed185a3\",\"variable\":true,\"zeroCents\":[\"JPY\",\"MGA\",\"VND\",\"KRW\"],\"addonHooks\":[],\"button_text\":\"Monthly donation in US dollars\",\"out_of_stock\":false,\"stock_control_enabled\":false,\"stock_items\":0,\"currencyFormat\":{\"c\":1,\"d\":\".\",\"t\":\",\",\"s\":\"\",\"pos\":\"left\"},\"displayStr\":{\"tax\":\"%s (tax)\",\"ship\":\"%s (shipping)\"},\"thankyou_page_url\":\"\",\"show_custom_amount_input\":false};if(typeof jQuery!==\"undefined\") {jQuery(document).ready(function() {new stripeHandlerNG(asp_data_169ea0aed185a3);});} else { if (typeof wpaspInitOnDocReady===\"undefined\") {var wpaspInitOnDocReady=[];} wpaspInitOnDocReady.push(asp_data_169ea0aed185a3);}<\/script><\/div>\n<\/div><div class=\"fusion-text fusion-text-5\"><p style=\"text-align: center;\">Vipps nr: 616816<\/p>\n<\/div><div class=\"fusion-text fusion-text-6\"><p style=\"text-align: center;\">\u00d8nsker du \u00e5 sende direkte til v\u00e5r giverkonto:<\/p>\n<p style=\"text-align: center;\">1506 46 87880<\/p>\n<\/div><div class=\"fusion-image-element \" style=\"text-align:center;--awb-caption-title-font-family:var(--h2_typography-font-family);--awb-caption-title-font-weight:var(--h2_typography-font-weight);--awb-caption-title-font-style:var(--h2_typography-font-style);--awb-caption-title-size:var(--h2_typography-font-size);--awb-caption-title-transform:var(--h2_typography-text-transform);--awb-caption-title-line-height:var(--h2_typography-line-height);--awb-caption-title-letter-spacing:var(--h2_typography-letter-spacing);\"><span class=\" fusion-imageframe imageframe-none imageframe-1 hover-type-none\"><img decoding=\"async\" width=\"250\" height=\"300\" title=\"received_398471005750178\" src=\"https:\/\/maraactionaid.no\/wp-content\/uploads\/2022\/08\/received_398471005750178.webp\" data-orig-src=\"https:\/\/maraactionaid.no\/wp-content\/uploads\/2022\/08\/received_398471005750178-250x300.webp\" alt class=\"lazyload img-responsive wp-image-1081\" srcset=\"data:image\/svg+xml,%3Csvg%20xmlns%3D%27http%3A%2F%2Fwww.w3.org%2F2000%2Fsvg%27%20width%3D%27880%27%20height%3D%271055%27%20viewBox%3D%270%200%20880%201055%27%3E%3Crect%20width%3D%27880%27%20height%3D%271055%27%20fill-opacity%3D%220%22%2F%3E%3C%2Fsvg%3E\" data-srcset=\"https:\/\/maraactionaid.no\/wp-content\/uploads\/2022\/08\/received_398471005750178-200x240.webp 200w, https:\/\/maraactionaid.no\/wp-content\/uploads\/2022\/08\/received_398471005750178-400x480.webp 400w, https:\/\/maraactionaid.no\/wp-content\/uploads\/2022\/08\/received_398471005750178-600x719.webp 600w, https:\/\/maraactionaid.no\/wp-content\/uploads\/2022\/08\/received_398471005750178-800x959.webp 800w, https:\/\/maraactionaid.no\/wp-content\/uploads\/2022\/08\/received_398471005750178.webp 880w\" data-sizes=\"auto\" data-orig-sizes=\"(max-width: 1024px) 100vw, (max-width: 640px) 100vw, 250px\" \/><\/span><\/div><\/div><\/div><div class=\"fusion-layout-column fusion_builder_column fusion-builder-column-1 fusion_builder_column_1_1 1_1 fusion-flex-column\" style=\"--awb-bg-size:cover;--awb-width-large:100%;--awb-margin-top-large:0px;--awb-spacing-right-large:0px;--awb-margin-bottom-large:20px;--awb-spacing-left-large:0px;--awb-width-medium:100%;--awb-order-medium:0;--awb-spacing-right-medium:0px;--awb-spacing-left-medium:0px;--awb-width-small:100%;--awb-order-small:0;--awb-spacing-right-small:0px;--awb-spacing-left-small:0px;\"><div class=\"fusion-column-wrapper fusion-column-has-shadow fusion-flex-justify-content-flex-start fusion-content-layout-column\"><div class=\"fusion-title title fusion-title-3 fusion-sep-none fusion-title-center fusion-title-text fusion-title-size-two fusion-animated\" style=\"--awb-text-color:#140a0e;--awb-margin-top:10px;--awb-margin-bottom:40px;--awb-margin-top-small:10px;--awb-margin-right-small:0px;--awb-margin-bottom-small:50px;--awb-margin-left-small:0px;--awb-sep-color:#d1d1d1;--awb-font-size:54px;\" data-animationType=\"fadeInLeft\" data-animationDuration=\"0.3\" data-animationOffset=\"top-into-view\"><h2 class=\"fusion-title-heading title-heading-center\" style=\"font-family:&quot;Gowun Batang&quot;;font-style:normal;font-weight:400;margin:0;text-transform:var(--awb-typography1-text-transform);font-size:1em;line-height:1.2;\">KONTAKTINFORMASJON<\/h2><\/div><\/div><\/div><\/div><\/div><div class=\"fusion-fullwidth fullwidth-box fusion-builder-row-2 fusion-flex-container hundred-percent-fullwidth non-hundred-percent-height-scrolling\" style=\"--awb-background-position:left top;--awb-border-sizes-top:0px;--awb-border-sizes-bottom:0px;--awb-border-sizes-left:0px;--awb-border-sizes-right:0px;--awb-border-radius-top-left:0px;--awb-border-radius-top-right:0px;--awb-border-radius-bottom-right:0px;--awb-border-radius-bottom-left:0px;--awb-padding-top:0px;--awb-padding-right:0px;--awb-padding-bottom:0px;--awb-padding-left:0px;--awb-flex-wrap:wrap;\" ><div class=\"fusion-builder-row fusion-row fusion-flex-align-items-stretch fusion-flex-content-wrap\" style=\"width:calc( 100% + 0px ) !important;max-width:calc( 100% + 0px ) !important;margin-left: calc(-0px \/ 2 );margin-right: calc(-0px \/ 2 );\"><div class=\"fusion-layout-column fusion_builder_column fusion-builder-column-2 fusion_builder_column_1_1 1_1 fusion-flex-column\" style=\"--awb-padding-top:125px;--awb-padding-right:10%;--awb-padding-bottom:125px;--awb-padding-left:10%;--awb-bg-color:var(--awb-color6);--awb-bg-color-hover:var(--awb-color6);--awb-bg-size:cover;--awb-width-large:100%;--awb-margin-top-large:0px;--awb-spacing-right-large:0px;--awb-margin-bottom-large:0px;--awb-spacing-left-large:0px;--awb-width-medium:100%;--awb-order-medium:0;--awb-spacing-right-medium:0px;--awb-spacing-left-medium:0px;--awb-width-small:100%;--awb-order-small:0;--awb-spacing-right-small:0px;--awb-spacing-left-small:0px;\" data-scroll-devices=\"small-visibility,medium-visibility,large-visibility\"><div class=\"fusion-column-wrapper lazyload fusion-column-has-shadow fusion-flex-justify-content-center fusion-content-layout-column fusion-column-has-bg-image\" data-bg-url=\"https:\/\/dev.maraactionaid.no\/wp-content\/uploads\/2016\/08\/donate2.jpg\" data-bg=\"https:\/\/dev.maraactionaid.no\/wp-content\/uploads\/2016\/08\/donate2.jpg\"><i class=\"fb-icon-element-1 fb-icon-element fontawesome-icon charity-envelope-o circle-no\" style=\"--awb-font-size:55px;--awb-margin-top:0;--awb-margin-right:0;--awb-margin-bottom:0;--awb-margin-left:0;--awb-align-self:center;\"><\/i><div class=\"fusion-separator fusion-full-width-sep\" style=\"align-self: center;margin-left: auto;margin-right: auto;margin-top:20px;width:100%;\"><\/div><div class=\"fusion-text fusion-text-7\" style=\"--awb-content-alignment:center;--awb-font-size:24px;--awb-line-height:var(--awb-typography2-line-height);--awb-letter-spacing:var(--awb-typography2-letter-spacing);--awb-text-transform:var(--awb-typography2-text-transform);--awb-text-color:var(--awb-color1);--awb-text-font-family:var(--awb-typography2-font-family);--awb-text-font-weight:var(--awb-typography2-font-weight);--awb-text-font-style:var(--awb-typography2-font-style);\"><p style=\"text-align: center;\">Ingrid M\u00f8retr\u00f8: ingrid.heldal@maraactionaid.no<\/p>\n<p style=\"text-align: center;\">Emma Sandvik: emma.sandvik@maraactionaid.no<\/p>\n<\/div><\/div><\/div><\/div><\/div><\/p>\n","protected":false},"excerpt":{"rendered":"","protected":false},"author":1,"featured_media":0,"parent":0,"menu_order":0,"comment_status":"closed","ping_status":"closed","template":"100-width.php","meta":{"_monsterinsights_skip_tracking":false,"_monsterinsights_sitenote_active":false,"_monsterinsights_sitenote_note":"","_monsterinsights_sitenote_category":0,"footnotes":""},"class_list":["post-12","page","type-page","status-publish","hentry"],"jetpack_sharing_enabled":true,"_links":{"self":[{"href":"https:\/\/maraactionaid.no\/en\/wp-json\/wp\/v2\/pages\/12","targetHints":{"allow":["GET"]}}],"collection":[{"href":"https:\/\/maraactionaid.no\/en\/wp-json\/wp\/v2\/pages"}],"about":[{"href":"https:\/\/maraactionaid.no\/en\/wp-json\/wp\/v2\/types\/page"}],"author":[{"embeddable":true,"href":"https:\/\/maraactionaid.no\/en\/wp-json\/wp\/v2\/users\/1"}],"replies":[{"embeddable":true,"href":"https:\/\/maraactionaid.no\/en\/wp-json\/wp\/v2\/comments?post=12"}],"version-history":[{"count":38,"href":"https:\/\/maraactionaid.no\/en\/wp-json\/wp\/v2\/pages\/12\/revisions"}],"predecessor-version":[{"id":1765,"href":"https:\/\/maraactionaid.no\/en\/wp-json\/wp\/v2\/pages\/12\/revisions\/1765"}],"wp:attachment":[{"href":"https:\/\/maraactionaid.no\/en\/wp-json\/wp\/v2\/media?parent=12"}],"curies":[{"name":"wp","href":"https:\/\/api.w.org\/{rel}","templated":true}]}}